{"id":5269,"date":"2019-03-24T19:20:11","date_gmt":"2019-03-24T19:20:11","guid":{"rendered":"https:\/\/awakentheworld-reference.mystagingwebsite.com\/?page_id=5269"},"modified":"2025-03-10T10:08:54","modified_gmt":"2025-03-10T10:08:54","slug":"atw-awaken-the-world-initiative","status":"publish","type":"page","link":"https:\/\/awakentheworld.com\/sq\/","title":{"rendered":"Zgjoni Nism\u00ebn Bot\u00ebrore"},"content":{"rendered":"\n<div class=\"wp-block-cover alignfull is-light home-hero-block is-style-small-1030 has-white-color has-text-color has-link-color wp-elements-6976c28a61ff51a0cf2166d1981f3fca\"><span aria-hidden=\"true\" class=\"wp-block-cover__background has-background-dim-0 has-background-dim\" style=\"background-color:#779a9c\"><\/span><video class=\"wp-block-cover__video-background intrinsic-ignore\" autoplay muted loop playsinline src=\"https:\/\/awakentheworld.com\/wp-content\/uploads\/2025\/03\/ATW-EYE-World-Nebula.mp4\" data-object-fit=\"cover\"><\/video><div class=\"wp-block-cover__inner-container is-layout-flow wp-block-cover-is-layout-flow\">\n<h1 class=\"wp-block-heading alignfull has-text-align-center\" id=\"awaken-the-world-initiative\" style=\"font-size:68px\">Zgjoni Nism\u00ebn Bot\u00ebrore<\/h1>\n\n\n\n<div style=\"height:430px\" aria-hidden=\"true\" class=\"wp-block-spacer is-style-small-1030\"><\/div>\n\n\n\n<div class=\"wp-block-buttons is-horizontal is-content-justification-center is-layout-flex wp-container-core-buttons-is-layout-499968f5 wp-block-buttons-is-layout-flex\">\n<div class=\"wp-block-button\"><a class=\"wp-block-button__link wp-element-button\" href=\"https:\/\/awakentheworld.com\/sq\/filma-me-titra\/\">SHIKONI DOKUMENTART TON<\/a><\/div>\n<\/div>\n<\/div><\/div>\n\n\n\n<h2 class=\"wp-block-heading alignfull has-text-align-center has-large-font-size\">Filma dhe media p\u00ebr zgjimin e vet\u00ebdijes njer\u00ebzore.<\/h2>\n\n\n\n<div class=\"wp-block-group featured-film-hero has-no-padding\"><div class=\"wp-block-group__inner-container is-layout-flow wp-block-group-is-layout-flow\">\n<div class=\"wp-block-columns is-layout-flex wp-container-core-columns-is-layout-9d6595d7 wp-block-columns-is-layout-flex\">\n<div class=\"wp-block-column is-layout-flow wp-block-column-is-layout-flow\" style=\"flex-basis:66.66%\">\n<h2 class=\"wp-block-heading h4 has-brown-color has-text-color\" id=\"h-praktika-e-meditimit\">Praktika e meditimit<\/h2>\n\n\n\n<h2 class=\"wp-block-heading alt has-purple-color has-text-color\" id=\"h-meditoni-me-ne\"><a href=\"https:\/\/awakentheworld.com\/meditations\/\"><\/a><a href=\"https:\/\/awakentheworld.com\/sq\/praktikat-e-meditimit-te-drejtperdrejte\/\">Meditoni me ne<\/a><\/h2>\n\n\n\n<p class=\"has-dark-color has-text-color\">Ne meditojm\u00eb p\u00ebr arsye t\u00eb panum\u00ebrta, dhe n\u00eb m\u00ebnyra t\u00eb panum\u00ebrta. Meditimi mund t\u00eb na b\u00ebj\u00eb m\u00eb t\u00eb sh\u00ebndetsh\u00ebm, t\u00eb lumtur dhe gjithashtu mund t\u00eb na ndihmoj\u00eb t\u00eb kuptojm\u00eb natyr\u00ebn ton\u00eb t\u00eb v\u00ebrtet\u00eb p\u00ebrtej vetvetes s\u00eb kufizuar.<\/p>\n\n\n\n<p class=\"has-text-align-center has-regular-font-size\"><a href=\"https:\/\/awakentheworld.com\/it\/film\/invito-allimmobilita\/\" rel=\"sponsored nofollow\">Ftes\u00eb p<\/a><a href=\"https:\/\/awakentheworld.com\/sq\/film\/ftese-per-qetesi\/\" rel=\"sponsored nofollow\">\u00ebr qet\u00ebsi<\/a><\/p>\n<\/div>\n\n\n\n<div class=\"wp-block-column is-layout-flow wp-block-column-is-layout-flow\" style=\"flex-basis:33.33%\"><div class=\"wp-block-image is-style-rounded\">\n<figure class=\"aligncenter size-large is-resized\"><a href=\"https:\/\/awakentheworld.com\/it\/film\/invito-allimmobilita\/\"><img loading=\"lazy\" decoding=\"async\" width=\"568\" height=\"568\" data-attachment-id=\"14380\" data-permalink=\"https:\/\/awakentheworld.com\/sq\/atw-awaken-the-world-initiative\/invitation-to-stillness-circle\/\" data-orig-file=\"https:\/\/awakentheworld.com\/sq\/wp-content\/uploads\/sites\/37\/2021\/05\/invitation-to-stillness-circle.jpg\" data-orig-size=\"568,568\" data-comments-opened=\"1\" data-image-meta=\"{&quot;aperture&quot;:&quot;0&quot;,&quot;credit&quot;:&quot;&quot;,&quot;camera&quot;:&quot;&quot;,&quot;caption&quot;:&quot;&quot;,&quot;created_timestamp&quot;:&quot;0&quot;,&quot;copyright&quot;:&quot;&quot;,&quot;focal_length&quot;:&quot;0&quot;,&quot;iso&quot;:&quot;0&quot;,&quot;shutter_speed&quot;:&quot;0&quot;,&quot;title&quot;:&quot;&quot;,&quot;orientation&quot;:&quot;0&quot;}\" data-image-title=\"invitation-to-stillness-circle\" data-image-description=\"\" data-image-caption=\"\" data-large-file=\"https:\/\/awakentheworld.com\/sq\/wp-content\/uploads\/sites\/37\/2021\/05\/invitation-to-stillness-circle.jpg\" src=\"https:\/\/awakentheworld.com\/it\/wp-content\/uploads\/sites\/4\/2021\/05\/invitation-to-stillness-circle.jpg\" alt=\"\" class=\"wp-image-14380\" style=\"width:196px;height:196px\" srcset=\"https:\/\/awakentheworld.com\/sq\/wp-content\/uploads\/sites\/37\/2021\/05\/invitation-to-stillness-circle.jpg 568w, https:\/\/awakentheworld.com\/sq\/wp-content\/uploads\/sites\/37\/2021\/05\/invitation-to-stillness-circle-300x300.jpg 300w\" sizes=\"auto, (max-width: 568px) 100vw, 568px\" \/><\/a><\/figure>\n<\/div><\/div>\n<\/div>\n\n\n<style>.kb-row-layout-id5269_7dfce9-83 > .kt-row-column-wrap{align-content:start;}:where(.kb-row-layout-id5269_7dfce9-83 > .kt-row-column-wrap) > .wp-block-kadence-column{justify-content:start;}.kb-row-layout-id5269_7dfce9-83 > .kt-row-column-wrap{column-gap:var(--global-kb-gap-md, 2rem);row-gap:var(--global-kb-gap-md, 2rem);padding-top:15px;padding-bottom:25px;grid-template-columns:minmax(0, 1fr);}.kb-row-layout-id5269_7dfce9-83 > .kt-row-layout-overlay{opacity:0.30;}@media all and (max-width: 1024px){.kb-row-layout-id5269_7dfce9-83 > .kt-row-column-wrap{grid-template-columns:minmax(0, 1fr);}}@media all and (max-width: 767px){.kb-row-layout-id5269_7dfce9-83 > .kt-row-column-wrap{grid-template-columns:minmax(0, 1fr);}}<\/style><div class=\"kb-row-layout-wrap kb-row-layout-id5269_7dfce9-83 alignnone wp-block-kadence-rowlayout\"><div class=\"kt-row-column-wrap kt-has-1-columns kt-row-layout-equal kt-tab-layout-inherit kt-mobile-layout-row kt-row-valign-top\">\n<style>.kadence-column5269_d53b14-d7 > .kt-inside-inner-col,.kadence-column5269_d53b14-d7 > .kt-inside-inner-col:before{border-top-left-radius:0px;border-top-right-radius:0px;border-bottom-right-radius:0px;border-bottom-left-radius:0px;}.kadence-column5269_d53b14-d7 > .kt-inside-inner-col{column-gap:var(--global-kb-gap-sm, 1rem);}.kadence-column5269_d53b14-d7 > .kt-inside-inner-col{flex-direction:column;}.kadence-column5269_d53b14-d7 > .kt-inside-inner-col > .aligncenter{width:100%;}.kadence-column5269_d53b14-d7 > .kt-inside-inner-col{background-image:url('https:\/\/awakentheworld.com\/it\/wp-content\/uploads\/sites\/4\/2020\/06\/blue-pattern-bg.png');background-size:cover;background-position:center center;background-attachment:scroll;background-repeat:no-repeat;}.kadence-column5269_d53b14-d7 > .kt-inside-inner-col:before{opacity:0.3;}.kadence-column5269_d53b14-d7{position:relative;}@media all and (max-width: 1024px){.kadence-column5269_d53b14-d7 > .kt-inside-inner-col{flex-direction:column;justify-content:center;}}@media all and (max-width: 767px){.kadence-column5269_d53b14-d7 > .kt-inside-inner-col{flex-direction:column;justify-content:center;}}<\/style>\n<div class=\"wp-block-kadence-column kadence-column5269_d53b14-d7 inner-column-1\"><div class=\"kt-inside-inner-col\"><style>.kb-row-layout-id5269_39168d-64 > .kt-row-column-wrap{align-content:start;}:where(.kb-row-layout-id5269_39168d-64 > .kt-row-column-wrap) > .wp-block-kadence-column{justify-content:start;}.kb-row-layout-id5269_39168d-64 > .kt-row-column-wrap{column-gap:var(--global-kb-gap-md, 2rem);row-gap:var(--global-kb-gap-md, 2rem);padding-top:25px;padding-right:5px;padding-bottom:25px;padding-left:5px;}.kb-row-layout-id5269_39168d-64 > .kt-row-column-wrap > div:not(.added-for-specificity){grid-column:initial;}.kb-row-layout-id5269_39168d-64 > .kt-row-column-wrap{grid-template-columns:repeat(3, minmax(0, 1fr));}.kb-row-layout-id5269_39168d-64 > .kt-row-layout-overlay{opacity:0.30;}@media all and (max-width: 1024px){.kb-row-layout-id5269_39168d-64 > .kt-row-column-wrap > div:not(.added-for-specificity){grid-column:initial;}}@media all and (max-width: 1024px){.kb-row-layout-id5269_39168d-64 > .kt-row-column-wrap{grid-template-columns:repeat(3, minmax(0, 1fr));}}@media all and (max-width: 767px){.kb-row-layout-id5269_39168d-64 > .kt-row-column-wrap > div:not(.added-for-specificity){grid-column:initial;}.kb-row-layout-id5269_39168d-64 > .kt-row-column-wrap{grid-template-columns:minmax(0, 1fr);}}<\/style><div class=\"kb-row-layout-wrap kb-row-layout-id5269_39168d-64 alignnone wp-block-kadence-rowlayout\"><div class=\"kt-row-column-wrap kt-has-3-columns kt-row-layout-equal kt-tab-layout-inherit kt-mobile-layout-row kt-row-valign-top\">\n<style>.kadence-column5269_a7472c-e2 > .kt-inside-inner-col,.kadence-column5269_a7472c-e2 > .kt-inside-inner-col:before{border-top-left-radius:0px;border-top-right-radius:0px;border-bottom-right-radius:0px;border-bottom-left-radius:0px;}.kadence-column5269_a7472c-e2 > .kt-inside-inner-col{column-gap:var(--global-kb-gap-sm, 1rem);}.kadence-column5269_a7472c-e2 > .kt-inside-inner-col{flex-direction:column;}.kadence-column5269_a7472c-e2 > .kt-inside-inner-col > .aligncenter{width:100%;}.kadence-column5269_a7472c-e2 > .kt-inside-inner-col:before{opacity:0.3;}.kadence-column5269_a7472c-e2{position:relative;}@media all and (max-width: 1024px){.kadence-column5269_a7472c-e2 > .kt-inside-inner-col{flex-direction:column;justify-content:center;}}@media all and (max-width: 767px){.kadence-column5269_a7472c-e2 > .kt-inside-inner-col{flex-direction:column;justify-content:center;}}<\/style>\n<div class=\"wp-block-kadence-column kadence-column5269_a7472c-e2 inner-column-1\"><div class=\"kt-inside-inner-col\"><div class=\"wp-block-image is-style-default\">\n<figure class=\"aligncenter size-large is-resized\"><img loading=\"lazy\" decoding=\"async\" width=\"79\" height=\"68\" data-attachment-id=\"13810\" data-permalink=\"https:\/\/awakentheworld.com\/sq\/atw-awaken-the-world-initiative\/meditating-people-icon\/\" data-orig-file=\"https:\/\/awakentheworld.com\/sq\/wp-content\/uploads\/sites\/37\/2020\/06\/meditating-people-icon.svg\" data-orig-size=\"79,68\" data-comments-opened=\"1\" data-image-meta=\"[]\" data-image-title=\"meditating-people-icon\" data-image-description=\"\" data-image-caption=\"\" data-large-file=\"https:\/\/awakentheworld.com\/sq\/wp-content\/uploads\/sites\/37\/2020\/06\/meditating-people-icon.svg\" src=\"https:\/\/awakentheworld.com\/it\/wp-content\/uploads\/sites\/4\/2020\/06\/meditating-people-icon.svg\" alt=\"\" class=\"wp-image-13810\" style=\"height:75px\"\/><\/figure>\n<\/div>\n\n\n<p class=\"has-text-align-center has-purple-color has-text-color has-small-font-size\"><a href=\"https:\/\/awakentheworld.com\/atw-drop-in-meditations\/\" target=\"_blank\" rel=\"noreferrer noopener\">Meditime t\u00eb heshtura dhe t\u00eb drejtuara<\/a><br>(Meditimet falas, t\u00eb p\u00ebrditshme drejtp\u00ebrdrejt n\u00eb internet.)<\/p>\n<\/div><\/div>\n\n\n<style>.kadence-column5269_12d525-32 > .kt-inside-inner-col,.kadence-column5269_12d525-32 > .kt-inside-inner-col:before{border-top-left-radius:0px;border-top-right-radius:0px;border-bottom-right-radius:0px;border-bottom-left-radius:0px;}.kadence-column5269_12d525-32 > .kt-inside-inner-col{column-gap:var(--global-kb-gap-sm, 1rem);}.kadence-column5269_12d525-32 > .kt-inside-inner-col{flex-direction:column;}.kadence-column5269_12d525-32 > .kt-inside-inner-col > .aligncenter{width:100%;}.kadence-column5269_12d525-32 > .kt-inside-inner-col:before{opacity:0.3;}.kadence-column5269_12d525-32{position:relative;}@media all and (max-width: 1024px){.kadence-column5269_12d525-32 > .kt-inside-inner-col{flex-direction:column;justify-content:center;}}@media all and (max-width: 767px){.kadence-column5269_12d525-32 > .kt-inside-inner-col{flex-direction:column;justify-content:center;}}<\/style>\n<div class=\"wp-block-kadence-column kadence-column5269_12d525-32 inner-column-2\"><div class=\"kt-inside-inner-col\"><div class=\"wp-block-image is-style-default\">\n<figure class=\"aligncenter size-large is-resized\"><img loading=\"lazy\" decoding=\"async\" width=\"170\" height=\"109\" data-attachment-id=\"13515\" data-permalink=\"https:\/\/awakentheworld.com\/sq\/?attachment_id=13515\" data-orig-file=\"https:\/\/awakentheworld.com\/sq\/wp-content\/uploads\/sites\/37\/2020\/06\/online-meditation-icon-1.svg\" data-orig-size=\"170,109\" data-comments-opened=\"1\" data-image-meta=\"[]\" data-image-title=\"online-meditation-icon-1\" data-image-description=\"\" data-image-caption=\"\" data-large-file=\"https:\/\/awakentheworld.com\/sq\/wp-content\/uploads\/sites\/37\/2020\/06\/online-meditation-icon-1.svg\" src=\"https:\/\/awakentheworld.com\/it\/wp-content\/uploads\/sites\/4\/2020\/06\/online-meditation-icon-1.svg\" alt=\"\" class=\"wp-image-13515\" style=\"width:120px\"\/><\/figure>\n<\/div>\n\n\n<p class=\"has-text-align-center has-purple-color has-text-color has-small-font-size\"><a href=\"https:\/\/awakentheworld.com\/meditations\/\">Regjistrimet e udh\u00ebzuara t\u00eb meditimit<\/a><br>(Seanca n\u00eb anglisht)<\/p>\n<\/div><\/div>\n\n\n<style>.kadence-column5269_bf1016-8e > .kt-inside-inner-col,.kadence-column5269_bf1016-8e > .kt-inside-inner-col:before{border-top-left-radius:0px;border-top-right-radius:0px;border-bottom-right-radius:0px;border-bottom-left-radius:0px;}.kadence-column5269_bf1016-8e > .kt-inside-inner-col{column-gap:var(--global-kb-gap-sm, 1rem);}.kadence-column5269_bf1016-8e > .kt-inside-inner-col{flex-direction:column;}.kadence-column5269_bf1016-8e > .kt-inside-inner-col > .aligncenter{width:100%;}.kadence-column5269_bf1016-8e > .kt-inside-inner-col:before{opacity:0.3;}.kadence-column5269_bf1016-8e{position:relative;}@media all and (max-width: 1024px){.kadence-column5269_bf1016-8e > .kt-inside-inner-col{flex-direction:column;justify-content:center;}}@media all and (max-width: 767px){.kadence-column5269_bf1016-8e > .kt-inside-inner-col{flex-direction:column;justify-content:center;}}<\/style>\n<div class=\"wp-block-kadence-column kadence-column5269_bf1016-8e inner-column-3\"><div class=\"kt-inside-inner-col\"><div class=\"wp-block-image is-style-default\">\n<figure class=\"aligncenter size-large is-resized\"><img loading=\"lazy\" decoding=\"async\" width=\"99\" height=\"90\" data-attachment-id=\"13535\" data-permalink=\"https:\/\/awakentheworld.com\/sq\/?attachment_id=13535\" data-orig-file=\"https:\/\/awakentheworld.com\/sq\/wp-content\/uploads\/sites\/37\/2020\/06\/1466264.svg\" data-orig-size=\"99,90\" data-comments-opened=\"1\" data-image-meta=\"[]\" data-image-title=\"1466264\" data-image-description=\"\" data-image-caption=\"\" data-large-file=\"https:\/\/awakentheworld.com\/sq\/wp-content\/uploads\/sites\/37\/2020\/06\/1466264.svg\" src=\"https:\/\/awakentheworld.com\/it\/wp-content\/uploads\/sites\/4\/2020\/06\/1466264.svg\" alt=\"peace sign\" class=\"wp-image-13535\" style=\"width:84px\"\/><\/figure>\n<\/div>\n\n\n<p class=\"has-text-align-center has-purple-color has-text-color has-small-font-size\"><a href=\"https:\/\/awakentheworld.com\/news-programs-and-retreats\/\">Meditimi t\u00ebrhiqet n\u00eb Kanada<\/a><br>(M\u00ebsohet n\u00eb anglisht)<\/p>\n<\/div><\/div>\n\n<\/div><\/div><\/div><\/div>\n\n<\/div><\/div>\n\n\n<div class=\"wp-block-columns is-style-vertical-center-flip is-layout-flex wp-container-core-columns-is-layout-9d6595d7 wp-block-columns-is-layout-flex\">\n<div class=\"wp-block-column is-layout-flow wp-block-column-is-layout-flow\" style=\"flex-basis:33.33%\"><div class=\"wp-block-image is-style-rounded\">\n<figure class=\"aligncenter size-full\"><a href=\"https:\/\/awakentheworld.com\/film\/samadhi-film-part-3-the-pathless-path\/\" target=\"_blank\" rel=\"noreferrer noopener\"><img decoding=\"async\" src=\"https:\/\/awakentheworld.com\/nl\/wp-content\/uploads\/sites\/17\/2022\/07\/Square-Samadhi-3.jpg\" alt=\"\" class=\"wp-image-14594\"\/><\/a><\/figure>\n<\/div><\/div>\n\n\n\n<div class=\"wp-block-column is-layout-flow wp-block-column-is-layout-flow\" style=\"flex-basis:66.66%\">\n<h2 class=\"wp-block-heading h4 has-brown-color has-text-color\" id=\"h-linsa-e-ri\">LINSA E RI<\/h2>\n\n\n\n<h2 class=\"wp-block-heading alt has-purple-color has-text-color\" id=\"h-samadhi-3-rruga-pa-shteg\"><a href=\"https:\/\/awakentheworld.com\/film\/samadhi-film-part-3-the-pathless-path\/\" target=\"_blank\" rel=\"noreferrer noopener\">Samadhi 3 (Rruga pa shteg)<\/a><\/h2>\n\n\n\n<p>Jemi mir\u00ebnjoh\u00ebs t\u00eb prezantojm\u00eb filmin ton\u00eb t\u00eb ri, Samadhi Pjesa 3, &#8220;The Pathless Path&#8221;. Tranzicioni n\u00ebp\u00ebr t\u00eb cilin po kalon njer\u00ebzimi tani ofron nj\u00eb mund\u00ebsi p\u00ebr transformim t\u00eb thell\u00eb t\u00eb brendsh\u00ebm dhe zgjim ndaj natyr\u00ebs son\u00eb t\u00eb v\u00ebrtet\u00eb.<\/p>\n\n\n\n<p class=\"wp-block-coblocks-highlight\"><mark class=\"wp-block-coblocks-highlight__content\">** Po k\u00ebrkojm\u00eb vullnetar\u00eb p\u00ebr t\u00eb p\u00ebrkthyer titrat e filmit. Ju lutemi na kontaktoni n\u00ebse jeni t\u00eb interesuar<\/mark><\/p>\n<\/div>\n<\/div>\n<\/div><\/div>\n\n\n\n<h2 class=\"wp-block-heading\" id=\"h-faleminderit-per-viziten-tuaj\">Faleminderit p\u00ebr vizit\u00ebn tuaj<\/h2>\n\n\n\n<p class=\"has-text-align-left blue has-large-font-size\"><span style=\"font-weight: 400\"><strong>T\u00eb gjith\u00eb titrat e filmave dhe transkriptimet<\/strong> n\u00eb k\u00ebt\u00eb faqe n\u00eb internet jan\u00eb krijuar dhe verifikuar nga p\u00ebrkthyesit njer\u00ebzor\u00eb q\u00eb kontribuan n\u00eb projektin ton\u00eb. Sidoqoft\u00eb, t\u00eb gjitha tekstet e mbetura (p\u00ebrfshir\u00eb k\u00ebt\u00eb) jan\u00eb p\u00ebrkthyer automatikisht. Meqen\u00ebse nuk jemi n\u00eb gjendje t\u00eb provojm\u00eb sakt\u00ebsin\u00eb e rezultateve t\u00eb mjetit t\u00eb p\u00ebrkthimit automatik, do t\u00eb ishim shum\u00eb mir\u00ebnjoh\u00ebs n\u00ebse mund t\u00eb theksonit ndonj\u00eb korrigjim t\u00eb sugjeruar duke na d\u00ebrguar nj\u00eb mesazh k\u00ebtu.<\/span><\/p>\n\n\n\n<h2 class=\"wp-block-heading\" id=\"h-qellimi-yne\">Q\u00ebllimi yn\u00eb<\/h2>\n\n\n\n<p class=\"has-text-align-left blue has-large-font-size\"><span style=\"font-weight: 400\">Iniciativa Zgjoni Bot\u00ebn u krijua me q\u00ebllim q\u00eb t&#8217;i sh\u00ebrbej\u00eb me p\u00ebrul\u00ebsi zgjimit t\u00eb njer\u00ebzimit p\u00ebr natyr\u00ebn e tij t\u00eb v\u00ebrtet\u00eb. T\u00eb gjith\u00eb filmat dhe meditimet tona t\u00eb drejtuara jan\u00eb n\u00eb dispozicion falas dhe p\u00ebrkthehen n\u00eb sa m\u00eb shum\u00eb gjuh\u00eb q\u00eb t\u00eb jet\u00eb e mundur p\u00ebr t\u00eb siguruar q\u00eb m\u00ebsimet shum\u00ebvje\u00e7are t\u00eb jen\u00eb t\u00eb lira n\u00eb dispozicion p\u00ebr t\u00eb gjith\u00eb.<\/span><\/p>\n\n\n\n<h2 class=\"wp-block-heading\" id=\"h-merrni-pjese\">Merrni pjes\u00eb<\/h2>\n\n\n\n<p class=\"has-large-font-size\">Ne u jemi thell\u00ebsisht mir\u00ebnjoh\u00ebs t\u00eb gjith\u00eb mb\u00ebshtet\u00ebsve tan\u00eb, pa t\u00eb cil\u00ebt Iniciativa ATW nuk do t\u00eb ekzistonte.<br><br><strong>Ka disa m\u00ebnyra p\u00ebr tu p\u00ebrfshir\u00eb.<\/strong><\/p>\n\n\n\n<div class=\"wp-block-coblocks-features coblocks-features-1027144715634\"><div class=\"wp-block-coblocks-features__inner has-columns has-3-columns has-responsive-columns has-center-content has-medium-gutter\">\n\n<div class=\"wp-block-coblocks-feature coblocks-feature-1027144715938\"><div class=\"wp-block-coblocks-feature__inner has-no-padding\">\n<div class=\"wp-block-image\">\n<figure class=\"aligncenter size-large is-resized\"><img loading=\"lazy\" decoding=\"async\" data-attachment-id=\"13829\" data-permalink=\"https:\/\/awakentheworld.com\/sq\/?attachment_id=13829\" data-orig-file=\"https:\/\/awakentheworld.com\/sq\/wp-content\/uploads\/sites\/37\/2020\/06\/meditation-plus-signs.svg\" data-orig-size=\"195,136\" data-comments-opened=\"1\" data-image-meta=\"[]\" data-image-title=\"meditation-plus-signs\" data-image-description=\"\" data-image-caption=\"\" data-large-file=\"https:\/\/awakentheworld.com\/sq\/wp-content\/uploads\/sites\/37\/2020\/06\/meditation-plus-signs.svg\" src=\"https:\/\/awakentheworld.com\/it\/wp-content\/uploads\/sites\/4\/2020\/06\/meditation-plus-signs.svg\" alt=\"\" class=\"wp-image-13829\" width=\"146\" height=\"102\" \/><\/figure>\n<\/div>\n\n<h4 class=\"has-text-align-center wp-block-heading\" id=\"h-kontributet-kreative\"><strong>Kontributet kreative<\/strong><\/h4>\n\n\n<p class=\"has-text-align-left has-small-font-size\">Ne jemi gjithmon\u00eb n\u00eb k\u00ebrkim t\u00eb artit vizionar t\u00eb klasit bot\u00ebror, animacionit, videos dhe muzik\u00ebs p\u00ebr projektet e ardhshme. N\u00ebse d\u00ebshironi t\u00eb dhuroni p\u00ebrdorimin e veprave tuaja artistike p\u00ebr Iniciativ\u00ebn ATW.  Na d\u00ebrgoni nj\u00eb mesazh k\u00ebtu.<\/p>\n\n<\/div><\/div>\n\n\n<div class=\"wp-block-coblocks-feature coblocks-feature-1027144715949\"><div class=\"wp-block-coblocks-feature__inner has-no-padding\">\n<div class=\"wp-block-image\">\n<figure class=\"aligncenter size-large is-resized\"><img loading=\"lazy\" decoding=\"async\" data-attachment-id=\"13516\" data-permalink=\"https:\/\/awakentheworld.com\/sq\/?attachment_id=13516\" data-orig-file=\"https:\/\/awakentheworld.com\/sq\/wp-content\/uploads\/sites\/37\/2020\/06\/heart-in-hands-icon.svg\" data-orig-size=\"153,139\" data-comments-opened=\"1\" data-image-meta=\"[]\" data-image-title=\"heart-in-hands-icon\" data-image-description=\"\" data-image-caption=\"\" data-large-file=\"https:\/\/awakentheworld.com\/sq\/wp-content\/uploads\/sites\/37\/2020\/06\/heart-in-hands-icon.svg\" src=\"https:\/\/awakentheworld.com\/it\/wp-content\/uploads\/sites\/4\/2020\/06\/heart-in-hands-icon.svg\" alt=\"\" class=\"wp-image-13516\" width=\"115\" height=\"104\" \/><\/figure>\n<\/div>\n\n<h4 class=\"has-text-align-center wp-block-heading\" id=\"h-kontributet-financiare\"><strong>Kontributet financiare<\/strong><\/h4>\n\n\n<p class=\"has-text-align-left has-small-font-size\"><a href=\"https:\/\/awakentheworld.com\/sq\/film\/rreth-projektit-zgjoni-boten\/\">Mesazh nga Dan dhe Tanya <\/a><br><a href=\"https:\/\/awakentheworld.com\/it\/film\/informazioni-sul-progetto-awaken-the-world\/\">(n\u00eb anglisht)<\/a><\/p>\n\n\n<p class=\"has-text-align-left has-small-font-size\"><a rel=\"noreferrer noopener\" href=\"https:\/\/awakentheworld.com\/atw-store\/\" target=\"_blank\">Vizitoni dyqanin ton\u00eb<\/a>  dhe shkarkoni video me cil\u00ebsi t\u00eb lart\u00eb, ose blini versione DVD \/ BlueRay me gjat\u00ebsi t\u00eb plot\u00eb.<\/p>\n\n\n<p class=\"has-text-align-left has-small-font-size\"><a href=\"https:\/\/www.patreon.com\/awakentheworld\"> Regjistrohuni n\u00eb Patreon<\/a> ose d\u00ebrgoni nj\u00eb <a href=\"https:\/\/www.paypal.com\/donate\/?cmd=_s-xclick&amp;hosted_button_id=P8ZEAJRPHTH56&amp;source=url\">donacion nj\u00eb her\u00eb p\u00ebrmes PayPal.<\/a><\/p>\n\n<\/div><\/div>\n\n\n<div class=\"wp-block-coblocks-feature coblocks-feature-102715194802\"><div class=\"wp-block-coblocks-feature__inner has-no-padding\">\n<div class=\"wp-block-image\">\n<figure class=\"aligncenter size-large is-resized\"><img loading=\"lazy\" decoding=\"async\" src=\"https:\/\/awakentheworld.com\/ko\/wp-content\/uploads\/sites\/23\/2020\/06\/translation-head-icon.svg\" alt=\"\" width=\"129\" height=\"125\" \/><\/figure>\n<\/div>\n\n<h4 class=\"has-text-align-center wp-block-heading\" id=\"h-ndihmoni-shtypin\"><strong>Ndihmoni shtypin<\/strong><\/h4>\n\n\n<p class=\"has-text-align-left has-small-font-size\">Synimi yn\u00eb \u00ebsht\u00eb q\u00eb filmat, faqet e internetit dhe projektet e tjera t&#8217;i b\u00ebjm\u00eb t\u00eb disponuesh\u00ebm n\u00eb sa m\u00eb shum\u00eb gjuh\u00eb t\u00eb jet\u00eb e mundur.<\/p>\n\n\n<p class=\"has-text-align-left has-small-font-size\">N\u00ebse keni aft\u00ebsi p\u00ebrkthimi dhe keni nj\u00eb kuptim t\u00eb thell\u00eb t\u00eb p\u00ebrmbajtjes, ne do ta vler\u00ebsonim ndihm\u00ebn tuaj!<\/p>\n\n<\/div><\/div>\n\n<\/div><\/div>\n\n\n\n<h2 class=\"wp-block-heading has-text-align-center\" id=\"h-faleminderit\">Faleminderit!<\/h2>\n\n\n\n<p class=\"has-text-align-center\">Ne e vler\u00ebsojm\u00eb sinqerisht mb\u00ebshtetjen tuaj dhe ju lutemi mos harroni se nd\u00ebrsa kontributet tuaja jan\u00eb shum\u00eb t\u00eb dobishme, angazhimi juaj p\u00ebr studimin tuaj \u00ebsht\u00eb edhe m\u00eb i vlefsh\u00ebm.<\/p>\n","protected":false},"excerpt":{"rendered":"<p>Filma dhe media p\u00ebr zgjimin e vet\u00ebdijes njer\u00ebzore. Praktika e meditimit Meditoni me ne Ne meditojm\u00eb p\u00ebr arsye t\u00eb panum\u00ebrta, dhe n\u00eb m\u00ebnyra t\u00eb panum\u00ebrta. Meditimi mund t\u00eb na b\u00ebj\u00eb m\u00eb t\u00eb sh\u00ebndetsh\u00ebm, t\u00eb lumtur dhe gjithashtu mund t\u00eb na ndihmoj\u00eb t\u00eb kuptojm\u00eb natyr\u00ebn ton\u00eb t\u00eb v\u00ebrtet\u00eb p\u00ebrtej vetvetes s\u00eb kufizuar. Ftes\u00eb p\u00ebr qet\u00ebsi Meditime [&hellip;]<\/p>\n","protected":false},"author":5,"featured_media":0,"parent":0,"menu_order":0,"comment_status":"closed","ping_status":"closed","template":"template-regularhome.php","meta":{"_acf_changed":false,"_kad_blocks_custom_css":"","_kad_blocks_head_custom_js":"","_kad_blocks_body_custom_js":"","_kad_blocks_footer_custom_js":"","footnotes":""},"class_list":["post-5269","page","type-page","status-publish","hentry"],"acf":[],"taxonomy_info":[],"featured_image_src_large":false,"author_info":{"display_name":"alitardo","author_link":"https:\/\/awakentheworld.com\/sq\/blog\/author\/alitardo\/"},"comment_info":0,"jetpack_sharing_enabled":true,"_links":{"self":[{"href":"https:\/\/awakentheworld.com\/sq\/wp-json\/wp\/v2\/pages\/5269","targetHints":{"allow":["GET"]}}],"collection":[{"href":"https:\/\/awakentheworld.com\/sq\/wp-json\/wp\/v2\/pages"}],"about":[{"href":"https:\/\/awakentheworld.com\/sq\/wp-json\/wp\/v2\/types\/page"}],"author":[{"embeddable":true,"href":"https:\/\/awakentheworld.com\/sq\/wp-json\/wp\/v2\/users\/5"}],"replies":[{"embeddable":true,"href":"https:\/\/awakentheworld.com\/sq\/wp-json\/wp\/v2\/comments?post=5269"}],"version-history":[{"count":90,"href":"https:\/\/awakentheworld.com\/sq\/wp-json\/wp\/v2\/pages\/5269\/revisions"}],"predecessor-version":[{"id":15277,"href":"https:\/\/awakentheworld.com\/sq\/wp-json\/wp\/v2\/pages\/5269\/revisions\/15277"}],"wp:attachment":[{"href":"https:\/\/awakentheworld.com\/sq\/wp-json\/wp\/v2\/media?parent=5269"}],"curies":[{"name":"wp","href":"https:\/\/api.w.org\/{rel}","templated":true}]}}