{"id":5269,"date":"2019-03-24T19:20:11","date_gmt":"2019-03-24T19:20:11","guid":{"rendered":"https:\/\/awakentheworld-reference.mystagingwebsite.com\/?page_id=5269"},"modified":"2025-03-10T10:05:26","modified_gmt":"2025-03-10T10:05:26","slug":"atw-awaken-the-world-initiative","status":"publish","type":"page","link":"https:\/\/awakentheworld.com\/sr\/","title":{"rendered":"Awaken the World Initiative"},"content":{"rendered":"\n<div class=\"wp-block-cover alignfull is-light home-hero-block is-style-small-1030 has-white-color has-text-color has-link-color wp-elements-f96fa3fd2cc4abec9c6ef33f4020bf63\"><span aria-hidden=\"true\" class=\"wp-block-cover__background has-background-dim-0 has-background-dim\" style=\"background-color:#779a9c\"><\/span><video class=\"wp-block-cover__video-background intrinsic-ignore\" autoplay muted loop playsinline src=\"https:\/\/awakentheworld.com\/wp-content\/uploads\/2025\/03\/ATW-EYE-World-Nebula.mp4\" data-object-fit=\"cover\"><\/video><div class=\"wp-block-cover__inner-container is-layout-flow wp-block-cover-is-layout-flow\">\n<h1 class=\"wp-block-heading alignfull has-text-align-center\" id=\"awaken-the-world-initiative\" style=\"font-size:68px\"><br>Inicijativa Probudimo svet<\/h1>\n\n\n\n<div style=\"height:430px\" aria-hidden=\"true\" class=\"wp-block-spacer is-style-small-1030\"><\/div>\n\n\n\n<div class=\"wp-block-buttons is-horizontal is-content-justification-center is-layout-flex wp-container-core-buttons-is-layout-499968f5 wp-block-buttons-is-layout-flex\">\n<div class=\"wp-block-button\"><a class=\"wp-block-button__link wp-element-button\" href=\"https:\/\/awakentheworld.com\/sr\/transkripcija-video-zapisa\/\">Gledajte dokumentarce<\/a><\/div>\n<\/div>\n<\/div><\/div>\n\n\n\n<h2 class=\"wp-block-heading alignfull has-text-align-center has-large-font-size\">Filmovi i mediji za bu\u0111enje svesti \u010dove\u010danstva.<\/h2>\n\n\n\n<div class=\"wp-block-group featured-film-hero has-no-padding\"><div class=\"wp-block-group__inner-container is-layout-flow wp-block-group-is-layout-flow\">\n<div class=\"wp-block-columns is-layout-flex wp-container-core-columns-is-layout-9d6595d7 wp-block-columns-is-layout-flex\">\n<div class=\"wp-block-column is-layout-flow wp-block-column-is-layout-flow\" style=\"flex-basis:66.66%\">\n<h2 class=\"wp-block-heading h4 has-brown-color has-text-color\" id=\"h-praksa-meditiranja\">Praksa meditiranja<\/h2>\n\n\n\n<h2 class=\"wp-block-heading alt has-purple-color has-text-color\" id=\"h-meditirajte-sa-nama\"><a href=\"https:\/\/awakentheworld.com\/meditations\/\"><\/a><a href=\"https:\/\/awakentheworld.com\/meditations\/\">Meditirajte sa nama<\/a><\/h2>\n\n\n\n<p class=\"has-dark-color has-text-color\">Sastanci meditacije u\u017eivo i vo\u0111eni snimci na engleskom koji \u0107e pomo\u0107i da se kultivi\u0161u koncentracija i smirenost..<\/p>\n<\/div>\n\n\n\n<div class=\"wp-block-column is-layout-flow wp-block-column-is-layout-flow\" style=\"flex-basis:33.33%\"><div class=\"wp-block-image is-style-rounded\">\n<figure class=\"aligncenter size-large is-resized\"><a href=\"https:\/\/awakentheworld.com\/film\/invitation-to-stillness\/\"><img decoding=\"async\" src=\"https:\/\/awakentheworld.com\/it\/wp-content\/uploads\/sites\/4\/2021\/05\/invitation-to-stillness-circle.jpg\" alt=\"\" class=\"wp-image-14380\" style=\"width:196px;height:196px\"\/><\/a><\/figure>\n<\/div><\/div>\n<\/div>\n\n\n<style>.kb-row-layout-id5269_c2ecf7-ed > .kt-row-column-wrap{align-content:start;}:where(.kb-row-layout-id5269_c2ecf7-ed > .kt-row-column-wrap) > .wp-block-kadence-column{justify-content:start;}.kb-row-layout-id5269_c2ecf7-ed > .kt-row-column-wrap{column-gap:var(--global-kb-gap-md, 2rem);row-gap:var(--global-kb-gap-md, 2rem);padding-top:15px;padding-bottom:25px;grid-template-columns:minmax(0, 1fr);}.kb-row-layout-id5269_c2ecf7-ed > .kt-row-layout-overlay{opacity:0.30;}@media all and (max-width: 1024px){.kb-row-layout-id5269_c2ecf7-ed > .kt-row-column-wrap{grid-template-columns:minmax(0, 1fr);}}@media all and (max-width: 767px){.kb-row-layout-id5269_c2ecf7-ed > .kt-row-column-wrap{grid-template-columns:minmax(0, 1fr);}}<\/style><div class=\"kb-row-layout-wrap kb-row-layout-id5269_c2ecf7-ed alignnone wp-block-kadence-rowlayout\"><div class=\"kt-row-column-wrap kt-has-1-columns kt-row-layout-equal kt-tab-layout-inherit kt-mobile-layout-row kt-row-valign-top\">\n<style>.kadence-column5269_9a3fbc-2b > .kt-inside-inner-col,.kadence-column5269_9a3fbc-2b > .kt-inside-inner-col:before{border-top-left-radius:0px;border-top-right-radius:0px;border-bottom-right-radius:0px;border-bottom-left-radius:0px;}.kadence-column5269_9a3fbc-2b > .kt-inside-inner-col{column-gap:var(--global-kb-gap-sm, 1rem);}.kadence-column5269_9a3fbc-2b > .kt-inside-inner-col{flex-direction:column;}.kadence-column5269_9a3fbc-2b > .kt-inside-inner-col > .aligncenter{width:100%;}.kadence-column5269_9a3fbc-2b > .kt-inside-inner-col{background-image:url('https:\/\/awakentheworld.com\/it\/wp-content\/uploads\/sites\/4\/2020\/06\/blue-pattern-bg.png');background-size:cover;background-position:center center;background-attachment:scroll;background-repeat:no-repeat;}.kadence-column5269_9a3fbc-2b > .kt-inside-inner-col:before{opacity:0.3;}.kadence-column5269_9a3fbc-2b{position:relative;}@media all and (max-width: 1024px){.kadence-column5269_9a3fbc-2b > .kt-inside-inner-col{flex-direction:column;justify-content:center;}}@media all and (max-width: 767px){.kadence-column5269_9a3fbc-2b > .kt-inside-inner-col{flex-direction:column;justify-content:center;}}<\/style>\n<div class=\"wp-block-kadence-column kadence-column5269_9a3fbc-2b inner-column-1\"><div class=\"kt-inside-inner-col\"><style>.kb-row-layout-id5269_c45411-c8 > .kt-row-column-wrap{align-content:start;}:where(.kb-row-layout-id5269_c45411-c8 > .kt-row-column-wrap) > .wp-block-kadence-column{justify-content:start;}.kb-row-layout-id5269_c45411-c8 > .kt-row-column-wrap{column-gap:var(--global-kb-gap-md, 2rem);row-gap:var(--global-kb-gap-md, 2rem);padding-top:25px;padding-right:5px;padding-bottom:25px;padding-left:5px;}.kb-row-layout-id5269_c45411-c8 > .kt-row-column-wrap > div:not(.added-for-specificity){grid-column:initial;}.kb-row-layout-id5269_c45411-c8 > .kt-row-column-wrap{grid-template-columns:repeat(3, minmax(0, 1fr));}.kb-row-layout-id5269_c45411-c8 > .kt-row-layout-overlay{opacity:0.30;}@media all and (max-width: 1024px){.kb-row-layout-id5269_c45411-c8 > .kt-row-column-wrap > div:not(.added-for-specificity){grid-column:initial;}}@media all and (max-width: 1024px){.kb-row-layout-id5269_c45411-c8 > .kt-row-column-wrap{grid-template-columns:repeat(3, minmax(0, 1fr));}}@media all and (max-width: 767px){.kb-row-layout-id5269_c45411-c8 > .kt-row-column-wrap > div:not(.added-for-specificity){grid-column:initial;}.kb-row-layout-id5269_c45411-c8 > .kt-row-column-wrap{grid-template-columns:minmax(0, 1fr);}}<\/style><div class=\"kb-row-layout-wrap kb-row-layout-id5269_c45411-c8 alignnone wp-block-kadence-rowlayout\"><div class=\"kt-row-column-wrap kt-has-3-columns kt-row-layout-equal kt-tab-layout-inherit kt-mobile-layout-row kt-row-valign-top\">\n<style>.kadence-column5269_44a124-2b > .kt-inside-inner-col,.kadence-column5269_44a124-2b > .kt-inside-inner-col:before{border-top-left-radius:0px;border-top-right-radius:0px;border-bottom-right-radius:0px;border-bottom-left-radius:0px;}.kadence-column5269_44a124-2b > .kt-inside-inner-col{column-gap:var(--global-kb-gap-sm, 1rem);}.kadence-column5269_44a124-2b > .kt-inside-inner-col{flex-direction:column;}.kadence-column5269_44a124-2b > .kt-inside-inner-col > .aligncenter{width:100%;}.kadence-column5269_44a124-2b > .kt-inside-inner-col:before{opacity:0.3;}.kadence-column5269_44a124-2b{position:relative;}@media all and (max-width: 1024px){.kadence-column5269_44a124-2b > .kt-inside-inner-col{flex-direction:column;justify-content:center;}}@media all and (max-width: 767px){.kadence-column5269_44a124-2b > .kt-inside-inner-col{flex-direction:column;justify-content:center;}}<\/style>\n<div class=\"wp-block-kadence-column kadence-column5269_44a124-2b inner-column-1\"><div class=\"kt-inside-inner-col\"><div class=\"wp-block-image is-style-default\">\n<figure class=\"aligncenter size-large is-resized\"><img loading=\"lazy\" decoding=\"async\" width=\"79\" height=\"68\" data-attachment-id=\"13810\" data-permalink=\"https:\/\/awakentheworld.com\/sr\/atw-awaken-the-world-initiative\/meditating-people-icon\/\" data-orig-file=\"https:\/\/awakentheworld.com\/sr\/wp-content\/uploads\/sites\/31\/2020\/06\/meditating-people-icon.svg\" data-orig-size=\"79,68\" data-comments-opened=\"1\" data-image-meta=\"[]\" data-image-title=\"meditating-people-icon\" data-image-description=\"\" data-image-caption=\"\" data-large-file=\"https:\/\/awakentheworld.com\/sr\/wp-content\/uploads\/sites\/31\/2020\/06\/meditating-people-icon.svg\" src=\"https:\/\/awakentheworld.com\/it\/wp-content\/uploads\/sites\/4\/2020\/06\/meditating-people-icon.svg\" alt=\"\" class=\"wp-image-13810\" style=\"height:75px\"\/><\/figure>\n<\/div>\n\n\n<p class=\"has-text-align-center has-purple-color has-text-color has-small-font-size\"><a href=\"https:\/\/awakentheworld.com\/atw-drop-in-meditations\/\" target=\"_blank\" rel=\"noreferrer noopener\">Tihe i vo\u0111ene meditacije<br><\/a> (Besplatne dnevne meditacije na mre\u017ei) <\/p>\n<\/div><\/div>\n\n\n<style>.kadence-column5269_351614-f9 > .kt-inside-inner-col,.kadence-column5269_351614-f9 > .kt-inside-inner-col:before{border-top-left-radius:0px;border-top-right-radius:0px;border-bottom-right-radius:0px;border-bottom-left-radius:0px;}.kadence-column5269_351614-f9 > .kt-inside-inner-col{column-gap:var(--global-kb-gap-sm, 1rem);}.kadence-column5269_351614-f9 > .kt-inside-inner-col{flex-direction:column;}.kadence-column5269_351614-f9 > .kt-inside-inner-col > .aligncenter{width:100%;}.kadence-column5269_351614-f9 > .kt-inside-inner-col:before{opacity:0.3;}.kadence-column5269_351614-f9{position:relative;}@media all and (max-width: 1024px){.kadence-column5269_351614-f9 > .kt-inside-inner-col{flex-direction:column;justify-content:center;}}@media all and (max-width: 767px){.kadence-column5269_351614-f9 > .kt-inside-inner-col{flex-direction:column;justify-content:center;}}<\/style>\n<div class=\"wp-block-kadence-column kadence-column5269_351614-f9 inner-column-2\"><div class=\"kt-inside-inner-col\"><div class=\"wp-block-image is-style-default\">\n<figure class=\"aligncenter size-large is-resized\"><img loading=\"lazy\" decoding=\"async\" width=\"170\" height=\"109\" data-attachment-id=\"13515\" data-permalink=\"https:\/\/awakentheworld.com\/sr\/?attachment_id=13515\" data-orig-file=\"https:\/\/awakentheworld.com\/sr\/wp-content\/uploads\/sites\/31\/2020\/06\/online-meditation-icon-1.svg\" data-orig-size=\"170,109\" data-comments-opened=\"1\" data-image-meta=\"[]\" data-image-title=\"online-meditation-icon-1\" data-image-description=\"\" data-image-caption=\"\" data-large-file=\"https:\/\/awakentheworld.com\/sr\/wp-content\/uploads\/sites\/31\/2020\/06\/online-meditation-icon-1.svg\" src=\"https:\/\/awakentheworld.com\/it\/wp-content\/uploads\/sites\/4\/2020\/06\/online-meditation-icon-1.svg\" alt=\"\" class=\"wp-image-13515\" style=\"width:120px\"\/><\/figure>\n<\/div>\n\n\n<p class=\"has-text-align-center has-purple-color has-text-color has-small-font-size\"><a href=\"https:\/\/awakentheworld.com\/meditations\/\">Snimci vo\u0111ene meditacije<\/a><br>(Sednice na engleskom)<\/p>\n<\/div><\/div>\n\n\n<style>.kadence-column5269_14fb80-d0 > .kt-inside-inner-col,.kadence-column5269_14fb80-d0 > .kt-inside-inner-col:before{border-top-left-radius:0px;border-top-right-radius:0px;border-bottom-right-radius:0px;border-bottom-left-radius:0px;}.kadence-column5269_14fb80-d0 > .kt-inside-inner-col{column-gap:var(--global-kb-gap-sm, 1rem);}.kadence-column5269_14fb80-d0 > .kt-inside-inner-col{flex-direction:column;}.kadence-column5269_14fb80-d0 > .kt-inside-inner-col > .aligncenter{width:100%;}.kadence-column5269_14fb80-d0 > .kt-inside-inner-col:before{opacity:0.3;}.kadence-column5269_14fb80-d0{position:relative;}@media all and (max-width: 1024px){.kadence-column5269_14fb80-d0 > .kt-inside-inner-col{flex-direction:column;justify-content:center;}}@media all and (max-width: 767px){.kadence-column5269_14fb80-d0 > .kt-inside-inner-col{flex-direction:column;justify-content:center;}}<\/style>\n<div class=\"wp-block-kadence-column kadence-column5269_14fb80-d0 inner-column-3\"><div class=\"kt-inside-inner-col\"><div class=\"wp-block-image is-style-default\">\n<figure class=\"aligncenter size-large is-resized\"><img loading=\"lazy\" decoding=\"async\" width=\"99\" height=\"90\" data-attachment-id=\"13535\" data-permalink=\"https:\/\/awakentheworld.com\/sr\/?attachment_id=13535\" data-orig-file=\"https:\/\/awakentheworld.com\/sr\/wp-content\/uploads\/sites\/31\/2020\/06\/1466264.svg\" data-orig-size=\"99,90\" data-comments-opened=\"1\" data-image-meta=\"[]\" data-image-title=\"1466264\" data-image-description=\"\" data-image-caption=\"\" data-large-file=\"https:\/\/awakentheworld.com\/sr\/wp-content\/uploads\/sites\/31\/2020\/06\/1466264.svg\" src=\"https:\/\/awakentheworld.com\/it\/wp-content\/uploads\/sites\/4\/2020\/06\/1466264.svg\" alt=\"peace sign\" class=\"wp-image-13535\" style=\"width:84px\"\/><\/figure>\n<\/div>\n\n\n<p class=\"has-text-align-center has-purple-color has-text-color has-small-font-size\"><a href=\"https:\/\/awakentheworld.com\/news-programs-and-retreats\/\">Povla\u010denje meditacije u Kanadi<\/a>(Predaje se na engleskom)<\/p>\n<\/div><\/div>\n\n<\/div><\/div><\/div><\/div>\n\n<\/div><\/div>\n\n\n<div class=\"wp-block-columns is-style-vertical-center-flip is-layout-flex wp-container-core-columns-is-layout-9d6595d7 wp-block-columns-is-layout-flex\">\n<div class=\"wp-block-column is-layout-flow wp-block-column-is-layout-flow\" style=\"flex-basis:33.33%\"><div class=\"wp-block-image is-style-rounded\">\n<figure class=\"aligncenter size-full\"><a href=\"https:\/\/awakentheworld.com\/film\/samadhi-film-part-3-the-pathless-path\/\" target=\"_blank\" rel=\"noreferrer noopener\"><img decoding=\"async\" src=\"https:\/\/awakentheworld.com\/nl\/wp-content\/uploads\/sites\/17\/2022\/07\/Square-Samadhi-3.jpg\" alt=\"\" class=\"wp-image-14594\"\/><\/a><\/figure>\n<\/div><\/div>\n\n\n\n<div class=\"wp-block-column is-layout-flow wp-block-column-is-layout-flow\" style=\"flex-basis:66.66%\">\n<h2 class=\"wp-block-heading h4 has-brown-color has-text-color\" id=\"h-nev-launch\">NEV LAUNCH<\/h2>\n\n\n\n<h2 class=\"wp-block-heading alt has-purple-color has-text-color\" id=\"h-samadhi-3-put-bez-puta\"><a href=\"https:\/\/awakentheworld.com\/film\/samadhi-film-part-3-the-pathless-path\/\" target=\"_blank\" rel=\"noreferrer noopener\">Samadhi 3 (Put bez puta)<\/a><\/h2>\n\n\n\n<p>Zahvalni smo \u0161to predstavljamo na\u0161 novi film, Samadhi, 3. deo, \u201ePut bez puta\u201c. Tranzicija kroz koju \u010dove\u010danstvo trenutno prolazi nudi priliku za duboku unutra\u0161nju transformaciju i bu\u0111enje na\u0161e prave prirode.<\/p>\n\n\n\n<p class=\"wp-block-coblocks-highlight\"><mark class=\"wp-block-coblocks-highlight__content\">** Tra\u017eimo volontere koji bi preveli titlove filma. Molimo kontaktirajte nas ako ste zainteresovani<\/mark><\/p>\n<\/div>\n<\/div>\n<\/div><\/div>\n\n\n\n<h2 class=\"wp-block-heading\" id=\"h-nasa-svrha\">Na\u0161a svrha<\/h2>\n\n\n\n<p class=\"has-text-align-left blue has-large-font-size\"><span style=\"font-weight: 400\">Inicijativa Probudimo svet stvorena je u cilju skromnog slu\u017eenja bu\u0111enju \u010dove\u010danstva u njegovu pravu prirodu. Svi na\u0161i filmovi i vo\u0111ene meditacije dostupni su potpuno besplatno i prevedeni na \u0161to je vi\u0161e mogu\u0107e razli\u010ditih jezika, da bi se obezbedilo da je neprekidno u\u010denje svima besplatno dostupno.<\/span><\/p>\n\n\n\n<h2 class=\"wp-block-heading\" id=\"h-ucestvujte\">U\u010destvujte<\/h2>\n\n\n\n<p class=\"has-large-font-size\">Duboko smo zahvalni svim na\u0161im pristalicama bez kojih ne bi postojala inicijativa ATW. <br><br><strong>Ima vi\u0161e na\u010dina da u\u010destvujete. <\/strong><\/p>\n\n\n\n<div class=\"wp-block-coblocks-features coblocks-features-1027144715634\"><div class=\"wp-block-coblocks-features__inner has-columns has-3-columns has-responsive-columns has-center-content has-medium-gutter\">\n\n<div class=\"wp-block-coblocks-feature coblocks-feature-1027144715938\"><div class=\"wp-block-coblocks-feature__inner has-no-padding\">\n<div class=\"wp-block-image\">\n<figure class=\"aligncenter size-large is-resized\"><img loading=\"lazy\" decoding=\"async\" data-attachment-id=\"13829\" data-permalink=\"https:\/\/awakentheworld.com\/sr\/?attachment_id=13829\" data-orig-file=\"https:\/\/awakentheworld.com\/sr\/wp-content\/uploads\/sites\/31\/2020\/06\/meditation-plus-signs.svg\" data-orig-size=\"195,136\" data-comments-opened=\"1\" data-image-meta=\"[]\" data-image-title=\"meditation-plus-signs\" data-image-description=\"\" data-image-caption=\"\" data-large-file=\"https:\/\/awakentheworld.com\/sr\/wp-content\/uploads\/sites\/31\/2020\/06\/meditation-plus-signs.svg\" src=\"https:\/\/awakentheworld.com\/it\/wp-content\/uploads\/sites\/4\/2020\/06\/meditation-plus-signs.svg\" alt=\"\" class=\"wp-image-13829\" width=\"146\" height=\"102\" \/><\/figure>\n<\/div>\n\n<h4 class=\"has-text-align-center wp-block-heading\" id=\"h-kreativni-doprinosi\"><strong>Kreativni doprinosi<\/strong><\/h4>\n\n\n<p class=\"has-text-align-left has-small-font-size\">Uvek smo u potrazi za vizionarskom umetno\u0161\u0107u, animacijom, filmovima i muzikom za nastupaju\u0107e projekte. Ako biste hteli da donirate upotrebu va\u0161eg umetni\u010dkog dela inicijativi ATW. <a href=\"https:\/\/awakentheworld.com\/sr\/obratite-nam-se\/\">Molimo vas po\u0161aljite poruku na engleskom ovde.<\/a><\/p>\n\n<\/div><\/div>\n\n\n<div class=\"wp-block-coblocks-feature coblocks-feature-1027144715949\"><div class=\"wp-block-coblocks-feature__inner has-no-padding\">\n<div class=\"wp-block-image\">\n<figure class=\"aligncenter size-large is-resized\"><img loading=\"lazy\" decoding=\"async\" data-attachment-id=\"13516\" data-permalink=\"https:\/\/awakentheworld.com\/sr\/?attachment_id=13516\" data-orig-file=\"https:\/\/awakentheworld.com\/sr\/wp-content\/uploads\/sites\/31\/2020\/06\/heart-in-hands-icon.svg\" data-orig-size=\"153,139\" data-comments-opened=\"1\" data-image-meta=\"[]\" data-image-title=\"heart-in-hands-icon\" data-image-description=\"\" data-image-caption=\"\" data-large-file=\"https:\/\/awakentheworld.com\/sr\/wp-content\/uploads\/sites\/31\/2020\/06\/heart-in-hands-icon.svg\" src=\"https:\/\/awakentheworld.com\/it\/wp-content\/uploads\/sites\/4\/2020\/06\/heart-in-hands-icon.svg\" alt=\"\" class=\"wp-image-13516\" width=\"115\" height=\"104\" \/><\/figure>\n<\/div>\n\n<h4 class=\"has-text-align-center wp-block-heading\" id=\"h-novcani-doprinosi\"><strong>Nov\u010dani doprinosi<\/strong><\/h4>\n\n\n<p class=\"has-text-align-left has-small-font-size\"><a href=\"https:\/\/awakentheworld.com\/sr\/film\/informacije-o-inicijativa-probudimo-svet\/\">Poruka od Dana i Tanje (na engleskom)<\/a><\/p>\n\n\n<p class=\"has-text-align-left has-small-font-size\"><a href=\"https:\/\/awakentheworld.com\/atw-store\/\">Posetite na\u0161u radnju<\/a> i presnimite visokokvalitetne video-snimke, ili kupite cele DVD ili BlueRay verzije.<\/p>\n\n\n<p class=\"has-text-align-left has-small-font-size\"><a href=\"https:\/\/www.patreon.com\/awakentheworld\">Prijavite se na Patreon<\/a> ili po\u0161aljite <a href=\"https:\/\/www.paypal.com\/donate\/?cmd=_s-xclick&amp;hosted_button_id=P8ZEAJRPHTH56&amp;source=url\">jednokratnu donaciju preku PayPal-a.<\/a><\/p>\n\n<\/div><\/div>\n\n\n<div class=\"wp-block-coblocks-feature coblocks-feature-102715194802\"><div class=\"wp-block-coblocks-feature__inner has-no-padding\">\n<div class=\"wp-block-image\">\n<figure class=\"aligncenter size-large is-resized\"><img loading=\"lazy\" decoding=\"async\" src=\"https:\/\/awakentheworld.com\/ko\/wp-content\/uploads\/sites\/23\/2020\/06\/translation-head-icon.svg\" alt=\"\" width=\"129\" height=\"125\" \/><\/figure>\n<\/div>\n\n<h4 class=\"has-text-align-center wp-block-heading\" id=\"h-pomozite-nam-da-prevedemo\"><strong><strong>Pomozite nam da prevedemo.<\/strong><\/strong><\/h4>\n\n\n<p class=\"has-text-align-left has-small-font-size\">Na\u0161a je namera da u\u010dinimo ovaj film, internet stranicu i druge projekte dostupne na \u0161to je vi\u0161e mogu\u0107e jezika.<br><br>Ako posedujete prevodila\u010dke ve\u0161tine i duboko razumevanje sadr\u017eaja, bili bi vam zahvalni na pomo\u0107i!<\/p>\n\n<\/div><\/div>\n\n<\/div><\/div>\n\n\n\n<h2 class=\"wp-block-heading has-text-align-center\" id=\"h-hvala\">Hvala!<\/h2>\n\n\n\n<p class=\"has-text-align-center\">Iskreno cenimo va\u0161u podr\u0161ku, i molimo vas da zapamtite da iako su doprinosi vrlo dragoceni, va\u0161a posve\u0107enost sopstvenoj praksi jo\u0161 je dragocenija.<\/p>\n","protected":false},"excerpt":{"rendered":"<p>Filmovi i mediji za bu\u0111enje svesti \u010dove\u010danstva. Praksa meditiranja Meditirajte sa nama Sastanci meditacije u\u017eivo i vo\u0111eni snimci na engleskom koji \u0107e pomo\u0107i da se kultivi\u0161u koncentracija i smirenost.. Tihe i vo\u0111ene meditacije (Besplatne dnevne meditacije na mre\u017ei) Snimci vo\u0111ene meditacije(Sednice na engleskom) Povla\u010denje meditacije u Kanadi(Predaje se na engleskom) NEV LAUNCH Samadhi 3 (Put [&hellip;]<\/p>\n","protected":false},"author":5,"featured_media":0,"parent":0,"menu_order":0,"comment_status":"closed","ping_status":"closed","template":"template-regularhome.php","meta":{"_acf_changed":false,"_kad_blocks_custom_css":"","_kad_blocks_head_custom_js":"","_kad_blocks_body_custom_js":"","_kad_blocks_footer_custom_js":"","footnotes":""},"class_list":["post-5269","page","type-page","status-publish","hentry"],"acf":[],"taxonomy_info":[],"featured_image_src_large":false,"author_info":{"display_name":"alitardo","author_link":"https:\/\/awakentheworld.com\/sr\/blog\/author\/alitardo\/"},"comment_info":0,"jetpack_sharing_enabled":true,"_links":{"self":[{"href":"https:\/\/awakentheworld.com\/sr\/wp-json\/wp\/v2\/pages\/5269","targetHints":{"allow":["GET"]}}],"collection":[{"href":"https:\/\/awakentheworld.com\/sr\/wp-json\/wp\/v2\/pages"}],"about":[{"href":"https:\/\/awakentheworld.com\/sr\/wp-json\/wp\/v2\/types\/page"}],"author":[{"embeddable":true,"href":"https:\/\/awakentheworld.com\/sr\/wp-json\/wp\/v2\/users\/5"}],"replies":[{"embeddable":true,"href":"https:\/\/awakentheworld.com\/sr\/wp-json\/wp\/v2\/comments?post=5269"}],"version-history":[{"count":79,"href":"https:\/\/awakentheworld.com\/sr\/wp-json\/wp\/v2\/pages\/5269\/revisions"}],"predecessor-version":[{"id":15180,"href":"https:\/\/awakentheworld.com\/sr\/wp-json\/wp\/v2\/pages\/5269\/revisions\/15180"}],"wp:attachment":[{"href":"https:\/\/awakentheworld.com\/sr\/wp-json\/wp\/v2\/media?parent=5269"}],"curies":[{"name":"wp","href":"https:\/\/api.w.org\/{rel}","templated":true}]}}